{"id":2421,"date":"2020-04-21T18:49:19","date_gmt":"2020-04-21T18:49:19","guid":{"rendered":"http:\/\/redhustle.com\/capacitacion\/?page_id=2421"},"modified":"2020-04-23T18:41:57","modified_gmt":"2020-04-23T18:41:57","slug":"ebook-ideas-para-generar-contenido-publicitario-y-organico-en-el-contexto-de-la-pandemia","status":"publish","type":"page","link":"https:\/\/redhustle.com\/capacitacion\/ebook-ideas-para-generar-contenido-publicitario-y-organico-en-el-contexto-de-la-pandemia\/","title":{"rendered":"Ebook: \u00abIdeas para generar contenido publicitario y org\u00e1nico en el contexto de la pandemia\u00bb"},"content":{"rendered":"<p><div class=\"fusion-fullwidth fullwidth-box fusion-builder-row-1 fusion-flex-container nonhundred-percent-fullwidth non-hundred-percent-height-scrolling\" style=\"--awb-background-position:left top;--awb-border-radius-top-left:0px;--awb-border-radius-top-right:0px;--awb-border-radius-bottom-right:0px;--awb-border-radius-bottom-left:0px;--awb-padding-top:90px;--awb-padding-bottom:3.5%;--awb-background-color:#ffffff;--awb-border-sizes-top:0px;--awb-border-sizes-bottom:0px;\" ><div class=\"fusion-builder-row fusion-row fusion-flex-align-items-flex-start\" style=\"max-width:1248px;margin-left: calc(-4% \/ 2 );margin-right: calc(-4% \/ 2 );\"><div class=\"fusion-layout-column fusion_builder_column fusion-builder-column-0 fusion_builder_column_1_6 1_6 fusion-flex-column fusion-no-small-visibility\" style=\"--awb-bg-size:cover;--awb-width-large:16.666666666667%;--awb-margin-top-large:0px;--awb-spacing-right-large:11.52%;--awb-margin-bottom-large:20px;--awb-spacing-left-large:11.52%;--awb-width-medium:16.666666666667%;--awb-spacing-right-medium:11.52%;--awb-spacing-left-medium:11.52%;--awb-width-small:100%;--awb-spacing-right-small:1.92%;--awb-spacing-left-small:1.92%;\"><div class=\"fusion-column-wrapper fusion-flex-justify-content-flex-start fusion-content-layout-column\"><\/div><\/div><div class=\"fusion-layout-column fusion_builder_column fusion-builder-column-1 fusion_builder_column_2_3 2_3 fusion-flex-column\" style=\"--awb-bg-size:cover;--awb-width-large:66.666666666667%;--awb-margin-top-large:0px;--awb-spacing-right-large:2.88%;--awb-margin-bottom-large:20px;--awb-spacing-left-large:2.88%;--awb-width-medium:66.666666666667%;--awb-spacing-right-medium:2.88%;--awb-spacing-left-medium:2.88%;--awb-width-small:100%;--awb-spacing-right-small:1.92%;--awb-spacing-left-small:1.92%;\"><div class=\"fusion-column-wrapper fusion-flex-justify-content-flex-start fusion-content-layout-column\"><div class=\"fusion-menu-anchor vermas\" id=\"viewmore\"><\/div><div class=\"fusion-text fusion-text-1\"><h2 style=\"text-align: center;\">Queremos hacerte otro regalo &#x263a;<\/h2>\n<\/div><div class=\"fusion-text fusion-text-2\"><p style=\"text-align: center; font-size: 20px;\">Con el mismo esp\u00edritu con el que creamos nuestro ebook anterior (<a href=\"http:\/\/redhustle.com\/capacitacion\/ebook-gratis-trucos-responder-whatsapp-clientes\/\" target=\"_blank\" rel=\"noopener noreferrer\">ver<\/a>), queremos compartir, sin cargo, m\u00e1s contenido que pueda serles \u00fatil.<\/p>\n<p style=\"text-align: center; font-size: 20px;\">\u00a1Esperamos lo puedan disfrutar tanto como nosotros haci\u00e9ndolo!<\/p>\n<\/div><div class=\"fusion-separator\" style=\"align-self: center;margin-left: auto;margin-right: auto;margin-top:15px;margin-bottom:35px;width:100%;max-width:170px;\"><div class=\"fusion-separator-border sep-single sep-solid\" style=\"--awb-height:20px;--awb-amount:20px;--awb-sep-color:#ef9a3d;border-color:#ef9a3d;border-top-width:1px;\"><\/div><\/div><\/div><\/div><div class=\"fusion-layout-column fusion_builder_column fusion-builder-column-2 fusion_builder_column_1_6 1_6 fusion-flex-column fusion-no-small-visibility\" style=\"--awb-bg-size:cover;--awb-width-large:16.666666666667%;--awb-margin-top-large:0px;--awb-spacing-right-large:11.52%;--awb-margin-bottom-large:20px;--awb-spacing-left-large:11.52%;--awb-width-medium:16.666666666667%;--awb-spacing-right-medium:11.52%;--awb-spacing-left-medium:11.52%;--awb-width-small:100%;--awb-spacing-right-small:1.92%;--awb-spacing-left-small:1.92%;\"><div class=\"fusion-column-wrapper fusion-flex-justify-content-flex-start fusion-content-layout-column\"><\/div><\/div><div class=\"fusion-layout-column fusion_builder_column fusion-builder-column-3 fusion_builder_column_3_5 3_5 fusion-flex-column\" style=\"--awb-bg-size:cover;--awb-width-large:60%;--awb-margin-top-large:0px;--awb-spacing-right-large:4.8%;--awb-margin-bottom-large:20px;--awb-spacing-left-large:3.2%;--awb-width-medium:60%;--awb-spacing-right-medium:4.8%;--awb-spacing-left-medium:3.2%;--awb-width-small:100%;--awb-spacing-right-small:1.92%;--awb-spacing-left-small:1.92%;\"><div class=\"fusion-column-wrapper fusion-flex-justify-content-center fusion-content-layout-column\"><div class=\"fusion-text fusion-text-3\"><h3>EL LIBRO<\/h3>\n<\/div><div class=\"fusion-text fusion-text-4\"><p style=\"text-align: left;\">\u201cEs tiempo de entender que lo importante no es tratar de ser importante, sino hacer cosas que importen\u201d, dice el especialista en branding Andy Stalman.<\/p>\n<p style=\"text-align: left;\">Ese es un buen resumen de lo que las organizaciones \u2013empresas grandes y peque\u00f1as, entidades del Estado, fundaciones, organizaciones no gubernamentales\u2013, los profesionales independientes y los emprendedores pueden tener en cuenta al momento de generar contenido.<\/p>\n<p style=\"text-align: left;\">En este ebook, ampliamos ese concepto.<\/p>\n<\/div><div ><a class=\"fusion-button button-flat fusion-button-default-size button-default fusion-button-default button-1 fusion-button-default-span fusion-button-default-type\" target=\"_self\" href=\"http:\/\/redhustle.com\/contenido-en-el-contexto-de-una-pandemia-RedHustleAcademy.pdf\"><span class=\"fusion-button-text\">\u00a1Descargar gratis ahora!<\/span><\/a><\/div><\/div><\/div><div class=\"fusion-layout-column fusion_builder_column fusion-builder-column-4 fusion_builder_column_2_5 2_5 fusion-flex-column\" style=\"--awb-bg-size:cover;--awb-width-large:40%;--awb-margin-top-large:5%;--awb-spacing-right-large:4.8%;--awb-margin-bottom-large:40px;--awb-spacing-left-large:4.8%;--awb-width-medium:40%;--awb-spacing-right-medium:4.8%;--awb-spacing-left-medium:4.8%;--awb-width-small:100%;--awb-spacing-right-small:1.92%;--awb-spacing-left-small:1.92%;\"><div class=\"fusion-column-wrapper fusion-flex-justify-content-center fusion-content-layout-column\"><div class=\"fusion-image-element \" style=\"text-align:center;--awb-bottom-shadow-color:rgba(79,79,79,0.4);--awb-caption-title-font-family:var(--h2_typography-font-family);--awb-caption-title-font-weight:var(--h2_typography-font-weight);--awb-caption-title-font-style:var(--h2_typography-font-style);--awb-caption-title-size:var(--h2_typography-font-size);--awb-caption-title-transform:var(--h2_typography-text-transform);--awb-caption-title-line-height:var(--h2_typography-line-height);--awb-caption-title-letter-spacing:var(--h2_typography-letter-spacing);\"><div class=\"awb-image-frame awb-image-frame-1 fusion-image-frame-bottomshadow element-bottomshadow image-frame-shadow-1\"><span class=\" fusion-imageframe imageframe-bottomshadow imageframe-1 element-bottomshadow hover-type-zoomin\" class=\"image-magnify\" class=\"image-scroll\"><img decoding=\"async\" width=\"1911\" height=\"1667\" title=\"mockup-1-v2\" src=\"http:\/\/redhustle.com\/capacitacion\/wp-content\/uploads\/2020\/04\/mockup-1-v2.jpg\" alt class=\"img-responsive wp-image-2433\" srcset=\"https:\/\/redhustle.com\/capacitacion\/wp-content\/uploads\/2020\/04\/mockup-1-v2-200x174.jpg 200w, https:\/\/redhustle.com\/capacitacion\/wp-content\/uploads\/2020\/04\/mockup-1-v2-400x349.jpg 400w, https:\/\/redhustle.com\/capacitacion\/wp-content\/uploads\/2020\/04\/mockup-1-v2-600x523.jpg 600w, https:\/\/redhustle.com\/capacitacion\/wp-content\/uploads\/2020\/04\/mockup-1-v2-800x698.jpg 800w, https:\/\/redhustle.com\/capacitacion\/wp-content\/uploads\/2020\/04\/mockup-1-v2-1200x1047.jpg 1200w, https:\/\/redhustle.com\/capacitacion\/wp-content\/uploads\/2020\/04\/mockup-1-v2.jpg 1911w\" sizes=\"(max-width: 640px) 100vw, 1911px\" \/><\/span><\/div><\/div><\/div><\/div><\/div><\/div><div class=\"fusion-fullwidth fullwidth-box fusion-builder-row-2 fusion-flex-container hundred-percent-fullwidth non-hundred-percent-height-scrolling\" style=\"--awb-border-radius-top-left:0px;--awb-border-radius-top-right:0px;--awb-border-radius-bottom-right:0px;--awb-border-radius-bottom-left:0px;--awb-background-color:#f7f5f4;\" ><div class=\"fusion-builder-row fusion-row fusion-flex-align-items-flex-start\" style=\"width:calc( 100% + 0px ) !important;max-width:calc( 100% + 0px ) !important;margin-left: calc(-0px \/ 2 );margin-right: calc(-0px \/ 2 );\"><div class=\"fusion-layout-column fusion_builder_column fusion-builder-column-5 fusion_builder_column_1_1 1_1 fusion-flex-column fusion-flex-align-self-flex-start fusion-column-no-min-height\" style=\"--awb-bg-size:cover;--awb-width-large:100%;--awb-margin-top-large:0px;--awb-spacing-right-large:0px;--awb-margin-bottom-large:20px;--awb-spacing-left-large:0px;--awb-width-medium:100%;--awb-spacing-right-medium:0px;--awb-spacing-left-medium:0px;--awb-width-small:100%;--awb-spacing-right-small:0px;--awb-spacing-left-small:0px;\"><div class=\"fusion-column-wrapper fusion-flex-justify-content-flex-start fusion-content-layout-column\"><div class=\"fusion-section-separator section-separator bigtriangle fusion-section-separator-1\" style=\"--awb-spacer-height:99px;--awb-svg-margin-left:0px;--awb-svg-margin-right:0px;--awb-svg-margin-left-medium:0px;--awb-svg-margin-right-medium:0px;--awb-svg-margin-left-small:0px;--awb-svg-margin-right-small:0px;--awb-divider-height:99px;--awb-spacer-padding-top:inherit;--awb-sep-padding:0;--awb-svg-padding:0;\"><div class=\"fusion-section-separator-svg\"><svg class=\"fusion-big-triangle-candy\" xmlns=\"http:\/\/www.w3.org\/2000\/svg\" version=\"1.1\" width=\"100%\" height=\"100\" viewBox=\"0 0 100 100\" preserveAspectRatio=\"none\" fill=\"rgba(255,255,255,1)\"><path d=\"M-1 -1 L50 99 L101 -1 Z\"><\/path><\/svg><\/div><div class=\"fusion-section-separator-spacer\"><div class=\"fusion-section-separator-spacer-height\"><\/div><\/div><\/div><\/div><\/div><\/div><\/div><div class=\"fusion-fullwidth fullwidth-box fusion-builder-row-3 fusion-flex-container nonhundred-percent-fullwidth non-hundred-percent-height-scrolling\" style=\"--awb-background-position:left top;--awb-border-color:#e8e8e8;--awb-border-radius-top-left:0px;--awb-border-radius-top-right:0px;--awb-border-radius-bottom-right:0px;--awb-border-radius-bottom-left:0px;--awb-padding-top:4%;--awb-padding-bottom:125px;--awb-background-color:#f7f5f4;--awb-border-sizes-top:0px;--awb-border-sizes-bottom:0px;\" ><div class=\"fusion-builder-row fusion-row fusion-flex-align-items-flex-start\" style=\"max-width:calc( 1200px + 0px );margin-left: calc(-0px \/ 2 );margin-right: calc(-0px \/ 2 );\"><div class=\"fusion-layout-column fusion_builder_column fusion-builder-column-6 fusion_builder_column_1_1 1_1 fusion-flex-column\" style=\"--awb-bg-size:cover;--awb-width-large:100%;--awb-margin-top-large:0px;--awb-spacing-right-large:0px;--awb-margin-bottom-large:20px;--awb-spacing-left-large:0px;--awb-width-medium:100%;--awb-spacing-right-medium:0px;--awb-spacing-left-medium:0px;--awb-width-small:100%;--awb-spacing-right-small:0px;--awb-spacing-left-small:0px;\"><div class=\"fusion-column-wrapper fusion-flex-justify-content-flex-start fusion-content-layout-column\"><div class=\"fusion-text fusion-text-5\"><h3>SOBRE EL AUTOR<\/h3>\n<\/div><div class=\"fusion-text fusion-text-6\"><p style=\"text-align: left;\">Ricardo Palmieri<\/p>\n<\/div><div class=\"fusion-text fusion-text-7\"><p>Capacitador para Red Hustle Academy. Speaker internacional.<\/p>\n<p>Autor del longseller \u201cEn pocas palabras. Manual de redacci\u00f3n publicitaria para avisos gr\u00e1ficos y folletos\u201d. Y del pr\u00f3ximo \u201cManual de redacci\u00f3n de contenidos org\u00e1nicos para las redes sociales\u201d.<\/p>\n<p>Docente de grado y posgrado en las universidades Argentina de la Empresa, Austral, Cat\u00f3lica Argentina, de Ciencias Empresariales y Sociales, y de Palermo \u2013Argentina\u2013; y de La Sabana y Corporaci\u00f3n Universitaria Taller Cinco \u2013Colombia\u2013.<\/p>\n<p>Integrante del Comit\u00e9 Consultivo de la Red Mundial de Comunicaci\u00f3n Organizacional.<\/p>\n<p>Mag\u00edster en Comunicaci\u00f3n de la Universidad Austral y licenciado en Publicidad de la Universidad del Salvador.<\/p>\n<p>Fan\u00e1tico de la dise\u00f1adora industrial Diana Cabeza, del arquitecto Amancio Williams y del m\u00fasico electr\u00f3nico Hern\u00e1n Cattaneo, de Argentina; de la pintora Tarsila do Amaral, de Brasil, y del escritor Felisberto Hern\u00e1ndez, de Uruguay.<\/p>\n<\/div><\/div><\/div><\/div><\/div><\/p>\n","protected":false},"excerpt":{"rendered":"","protected":false},"author":2,"featured_media":0,"parent":0,"menu_order":0,"comment_status":"closed","ping_status":"closed","template":"100-width.php","meta":{"footnotes":""},"yoast_head":"<!-- This site is optimized with the Yoast SEO plugin v23.0 - https:\/\/yoast.com\/wordpress\/plugins\/seo\/ -->\n<title>Ebook: &quot;Ideas para generar contenido publicitario y org\u00e1nico en el contexto de la pandemia&quot; - Red Hustle Academy<\/title>\n<meta name=\"robots\" content=\"index, follow, max-snippet:-1, max-image-preview:large, max-video-preview:-1\" \/>\n<link rel=\"canonical\" href=\"https:\/\/redhustle.com\/capacitacion\/ebook-ideas-para-generar-contenido-publicitario-y-organico-en-el-contexto-de-la-pandemia\/\" \/>\n<meta property=\"og:locale\" content=\"es_ES\" \/>\n<meta property=\"og:type\" content=\"article\" \/>\n<meta property=\"og:title\" content=\"Ebook: &quot;Ideas para generar contenido publicitario y org\u00e1nico en el contexto de la pandemia&quot; - Red Hustle Academy\" \/>\n<meta property=\"og:url\" content=\"https:\/\/redhustle.com\/capacitacion\/ebook-ideas-para-generar-contenido-publicitario-y-organico-en-el-contexto-de-la-pandemia\/\" \/>\n<meta property=\"og:site_name\" content=\"Red Hustle Academy\" \/>\n<meta property=\"article:modified_time\" content=\"2020-04-23T18:41:57+00:00\" \/>\n<meta name=\"twitter:card\" content=\"summary_large_image\" \/>\n<meta name=\"twitter:label1\" content=\"Est. reading time\" \/>\n\t<meta name=\"twitter:data1\" content=\"8 minutos\" \/>\n<script type=\"application\/ld+json\" class=\"yoast-schema-graph\">{\"@context\":\"https:\/\/schema.org\",\"@graph\":[{\"@type\":\"WebPage\",\"@id\":\"https:\/\/redhustle.com\/capacitacion\/ebook-ideas-para-generar-contenido-publicitario-y-organico-en-el-contexto-de-la-pandemia\/\",\"url\":\"https:\/\/redhustle.com\/capacitacion\/ebook-ideas-para-generar-contenido-publicitario-y-organico-en-el-contexto-de-la-pandemia\/\",\"name\":\"Ebook: \\\"Ideas para generar contenido publicitario y org\u00e1nico en el contexto de la pandemia\\\" - Red Hustle Academy\",\"isPartOf\":{\"@id\":\"https:\/\/redhustle.com\/capacitacion\/#website\"},\"datePublished\":\"2020-04-21T18:49:19+00:00\",\"dateModified\":\"2020-04-23T18:41:57+00:00\",\"breadcrumb\":{\"@id\":\"https:\/\/redhustle.com\/capacitacion\/ebook-ideas-para-generar-contenido-publicitario-y-organico-en-el-contexto-de-la-pandemia\/#breadcrumb\"},\"inLanguage\":\"es\",\"potentialAction\":[{\"@type\":\"ReadAction\",\"target\":[\"https:\/\/redhustle.com\/capacitacion\/ebook-ideas-para-generar-contenido-publicitario-y-organico-en-el-contexto-de-la-pandemia\/\"]}]},{\"@type\":\"BreadcrumbList\",\"@id\":\"https:\/\/redhustle.com\/capacitacion\/ebook-ideas-para-generar-contenido-publicitario-y-organico-en-el-contexto-de-la-pandemia\/#breadcrumb\",\"itemListElement\":[{\"@type\":\"ListItem\",\"position\":1,\"name\":\"Home\",\"item\":\"https:\/\/redhustle.com\/capacitacion\/\"},{\"@type\":\"ListItem\",\"position\":2,\"name\":\"Ebook: \u00abIdeas para generar contenido publicitario y org\u00e1nico en el contexto de la pandemia\u00bb\"}]},{\"@type\":\"WebSite\",\"@id\":\"https:\/\/redhustle.com\/capacitacion\/#website\",\"url\":\"https:\/\/redhustle.com\/capacitacion\/\",\"name\":\"Red Hustle Academy\",\"description\":\"Capacitaci\u00f3n en Marketing, Comunicaci\u00f3n y RRHH\",\"publisher\":{\"@id\":\"https:\/\/redhustle.com\/capacitacion\/#organization\"},\"potentialAction\":[{\"@type\":\"SearchAction\",\"target\":{\"@type\":\"EntryPoint\",\"urlTemplate\":\"https:\/\/redhustle.com\/capacitacion\/?s={search_term_string}\"},\"query-input\":\"required name=search_term_string\"}],\"inLanguage\":\"es\"},{\"@type\":\"Organization\",\"@id\":\"https:\/\/redhustle.com\/capacitacion\/#organization\",\"name\":\"Red Hustle Academy\",\"url\":\"https:\/\/redhustle.com\/capacitacion\/\",\"logo\":{\"@type\":\"ImageObject\",\"inLanguage\":\"es\",\"@id\":\"https:\/\/redhustle.com\/capacitacion\/#\/schema\/logo\/image\/\",\"url\":\"https:\/\/redhustle.com\/capacitacion\/wp-content\/uploads\/2020\/12\/appLogo-01.png\",\"contentUrl\":\"https:\/\/redhustle.com\/capacitacion\/wp-content\/uploads\/2020\/12\/appLogo-01.png\",\"width\":512,\"height\":512,\"caption\":\"Red Hustle Academy\"},\"image\":{\"@id\":\"https:\/\/redhustle.com\/capacitacion\/#\/schema\/logo\/image\/\"}}]}<\/script>\n<!-- \/ Yoast SEO plugin. -->","yoast_head_json":{"title":"Ebook: \"Ideas para generar contenido publicitario y org\u00e1nico en el contexto de la pandemia\" - Red Hustle Academy","robots":{"index":"index","follow":"follow","max-snippet":"max-snippet:-1","max-image-preview":"max-image-preview:large","max-video-preview":"max-video-preview:-1"},"canonical":"https:\/\/redhustle.com\/capacitacion\/ebook-ideas-para-generar-contenido-publicitario-y-organico-en-el-contexto-de-la-pandemia\/","og_locale":"es_ES","og_type":"article","og_title":"Ebook: \"Ideas para generar contenido publicitario y org\u00e1nico en el contexto de la pandemia\" - Red Hustle Academy","og_url":"https:\/\/redhustle.com\/capacitacion\/ebook-ideas-para-generar-contenido-publicitario-y-organico-en-el-contexto-de-la-pandemia\/","og_site_name":"Red Hustle Academy","article_modified_time":"2020-04-23T18:41:57+00:00","twitter_card":"summary_large_image","twitter_misc":{"Est. reading time":"8 minutos"},"schema":{"@context":"https:\/\/schema.org","@graph":[{"@type":"WebPage","@id":"https:\/\/redhustle.com\/capacitacion\/ebook-ideas-para-generar-contenido-publicitario-y-organico-en-el-contexto-de-la-pandemia\/","url":"https:\/\/redhustle.com\/capacitacion\/ebook-ideas-para-generar-contenido-publicitario-y-organico-en-el-contexto-de-la-pandemia\/","name":"Ebook: \"Ideas para generar contenido publicitario y org\u00e1nico en el contexto de la pandemia\" - Red Hustle Academy","isPartOf":{"@id":"https:\/\/redhustle.com\/capacitacion\/#website"},"datePublished":"2020-04-21T18:49:19+00:00","dateModified":"2020-04-23T18:41:57+00:00","breadcrumb":{"@id":"https:\/\/redhustle.com\/capacitacion\/ebook-ideas-para-generar-contenido-publicitario-y-organico-en-el-contexto-de-la-pandemia\/#breadcrumb"},"inLanguage":"es","potentialAction":[{"@type":"ReadAction","target":["https:\/\/redhustle.com\/capacitacion\/ebook-ideas-para-generar-contenido-publicitario-y-organico-en-el-contexto-de-la-pandemia\/"]}]},{"@type":"BreadcrumbList","@id":"https:\/\/redhustle.com\/capacitacion\/ebook-ideas-para-generar-contenido-publicitario-y-organico-en-el-contexto-de-la-pandemia\/#breadcrumb","itemListElement":[{"@type":"ListItem","position":1,"name":"Home","item":"https:\/\/redhustle.com\/capacitacion\/"},{"@type":"ListItem","position":2,"name":"Ebook: \u00abIdeas para generar contenido publicitario y org\u00e1nico en el contexto de la pandemia\u00bb"}]},{"@type":"WebSite","@id":"https:\/\/redhustle.com\/capacitacion\/#website","url":"https:\/\/redhustle.com\/capacitacion\/","name":"Red Hustle Academy","description":"Capacitaci\u00f3n en Marketing, Comunicaci\u00f3n y RRHH","publisher":{"@id":"https:\/\/redhustle.com\/capacitacion\/#organization"},"potentialAction":[{"@type":"SearchAction","target":{"@type":"EntryPoint","urlTemplate":"https:\/\/redhustle.com\/capacitacion\/?s={search_term_string}"},"query-input":"required name=search_term_string"}],"inLanguage":"es"},{"@type":"Organization","@id":"https:\/\/redhustle.com\/capacitacion\/#organization","name":"Red Hustle Academy","url":"https:\/\/redhustle.com\/capacitacion\/","logo":{"@type":"ImageObject","inLanguage":"es","@id":"https:\/\/redhustle.com\/capacitacion\/#\/schema\/logo\/image\/","url":"https:\/\/redhustle.com\/capacitacion\/wp-content\/uploads\/2020\/12\/appLogo-01.png","contentUrl":"https:\/\/redhustle.com\/capacitacion\/wp-content\/uploads\/2020\/12\/appLogo-01.png","width":512,"height":512,"caption":"Red Hustle Academy"},"image":{"@id":"https:\/\/redhustle.com\/capacitacion\/#\/schema\/logo\/image\/"}}]}},"_links":{"self":[{"href":"https:\/\/redhustle.com\/capacitacion\/wp-json\/wp\/v2\/pages\/2421"}],"collection":[{"href":"https:\/\/redhustle.com\/capacitacion\/wp-json\/wp\/v2\/pages"}],"about":[{"href":"https:\/\/redhustle.com\/capacitacion\/wp-json\/wp\/v2\/types\/page"}],"author":[{"embeddable":true,"href":"https:\/\/redhustle.com\/capacitacion\/wp-json\/wp\/v2\/users\/2"}],"replies":[{"embeddable":true,"href":"https:\/\/redhustle.com\/capacitacion\/wp-json\/wp\/v2\/comments?post=2421"}],"version-history":[{"count":10,"href":"https:\/\/redhustle.com\/capacitacion\/wp-json\/wp\/v2\/pages\/2421\/revisions"}],"predecessor-version":[{"id":2459,"href":"https:\/\/redhustle.com\/capacitacion\/wp-json\/wp\/v2\/pages\/2421\/revisions\/2459"}],"wp:attachment":[{"href":"https:\/\/redhustle.com\/capacitacion\/wp-json\/wp\/v2\/media?parent=2421"}],"curies":[{"name":"wp","href":"https:\/\/api.w.org\/{rel}","templated":true}]}}